{"id":55,"date":"2021-04-13T13:31:59","date_gmt":"2021-04-13T19:31:59","guid":{"rendered":"http:\/\/geda.wpengine.com\/?page_id=55"},"modified":"2021-08-12T09:52:38","modified_gmt":"2021-08-12T15:52:38","slug":"lohn-gehalt","status":"publish","type":"page","link":"https:\/\/www.geda.com\/en\/lohn-gehalt\/","title":{"rendered":"Payroll Accounting"},"content":{"rendered":"<div data-elementor-type=\"wp-page\" data-elementor-id=\"55\" class=\"elementor elementor-55\" data-elementor-settings=\"[]\">\n\t\t\t\t\t\t\t<div class=\"elementor-section-wrap\">\n\t\t\t\t\t\t\t<section class=\"elementor-section elementor-top-section elementor-element elementor-element-77cd5d3d elementor-section-full_width elementor-section-height-default elementor-section-height-default\" data-id=\"77cd5d3d\" data-element_type=\"section\" data-settings=\"{&quot;background_background&quot;:&quot;classic&quot;}\">\n\t\t\t\t\t\t<div class=\"elementor-container elementor-column-gap-no\">\n\t\t\t\t\t<div class=\"elementor-column elementor-col-100 elementor-top-column elementor-element elementor-element-19993ed2\" data-id=\"19993ed2\" data-element_type=\"column\" data-settings=\"{&quot;background_background&quot;:&quot;classic&quot;}\">\n\t\t\t<div class=\"elementor-widget-wrap elementor-element-populated\">\n\t\t\t\t\t\t\t\t<section class=\"elementor-section elementor-inner-section elementor-element elementor-element-4dbe26a5 elementor-section-boxed elementor-section-height-default elementor-section-height-default\" data-id=\"4dbe26a5\" data-element_type=\"section\">\n\t\t\t\t\t\t<div class=\"elementor-container elementor-column-gap-default\">\n\t\t\t\t\t<div class=\"elementor-column elementor-col-50 elementor-inner-column elementor-element elementor-element-6793bbfa\" data-id=\"6793bbfa\" data-element_type=\"column\" data-settings=\"{&quot;background_background&quot;:&quot;classic&quot;}\">\n\t\t\t<div class=\"elementor-widget-wrap elementor-element-populated\">\n\t\t\t\t\t\t\t\t<div class=\"elementor-element elementor-element-33e84060 elementor-widget elementor-widget-heading\" data-id=\"33e84060\" data-element_type=\"widget\" data-widget_type=\"heading.default\">\n\t\t\t\t<div class=\"elementor-widget-container\">\n\t\t\t<h1 class=\"elementor-heading-title elementor-size-default\">Payroll Accounting (also wages in the constructing industy)<\/h1>\t\t<\/div>\n\t\t\t\t<\/div>\n\t\t\t\t\t<\/div>\n\t\t<\/div>\n\t\t\t\t<div class=\"elementor-column elementor-col-50 elementor-inner-column elementor-element elementor-element-a79a237\" data-id=\"a79a237\" data-element_type=\"column\" data-settings=\"{&quot;background_background&quot;:&quot;classic&quot;}\">\n\t\t\t<div class=\"elementor-widget-wrap elementor-element-populated\">\n\t\t\t\t\t\t\t\t<div class=\"elementor-element elementor-element-22904dc3 elementor-widget elementor-widget-image\" data-id=\"22904dc3\" data-element_type=\"widget\" data-widget_type=\"image.default\">\n\t\t\t\t<div class=\"elementor-widget-container\">\n\t\t\t\t\t<div class=\"elementor-image\">\n\t\t\t\t\t\t\t\t\t\t<img decoding=\"async\" src=\"https:\/\/www.geda.com\/wp-content\/uploads\/2021\/05\/geda-payroll-accounting.jpg\" title=\"geda-payroll-accounting\" alt=\"geda-payroll-accounting\" \/>\t\t\t\t\t\t\t\t\t\t\t<\/div>\n\t\t\t\t<\/div>\n\t\t\t\t<\/div>\n\t\t\t\t\t<\/div>\n\t\t<\/div>\n\t\t\t\t\t\t\t<\/div>\n\t\t<\/section>\n\t\t\t\t\t<\/div>\n\t\t<\/div>\n\t\t\t\t\t\t\t<\/div>\n\t\t<\/section>\n\t\t\t\t<section class=\"elementor-section elementor-top-section elementor-element elementor-element-ce9eea2 elementor-section-boxed elementor-section-height-default elementor-section-height-default\" data-id=\"ce9eea2\" data-element_type=\"section\">\n\t\t\t\t\t\t<div class=\"elementor-container elementor-column-gap-default\">\n\t\t\t\t\t<div class=\"elementor-column elementor-col-100 elementor-top-column elementor-element elementor-element-55754a3\" data-id=\"55754a3\" data-element_type=\"column\">\n\t\t\t<div class=\"elementor-widget-wrap elementor-element-populated\">\n\t\t\t\t\t\t\t\t<div class=\"elementor-element elementor-element-18a9c74 elementor-widget elementor-widget-text-editor\" data-id=\"18a9c74\" data-element_type=\"widget\" data-widget_type=\"text-editor.default\">\n\t\t\t\t<div class=\"elementor-widget-container\">\n\t\t\t\t\t<div class=\"elementor-text-editor elementor-clearfix\"><h2>Full service for your entry<\/h2><p>We take over the first time recording of the required company and employee master data.<\/p><p class=\" translation-block\">You enter the variable data on a monthly basis with a software which is hosted and provided by us and send the data via:<\/p><ul><li>Data storage medium<\/li><li>Web portal \/ remote transmission<\/li><\/ul><\/div>\n\t\t\t\t<\/div>\n\t\t\t\t<\/div>\n\t\t\t\t<div class=\"elementor-element elementor-element-670de43 elementor-widget elementor-widget-text-editor\" data-id=\"670de43\" data-element_type=\"widget\" id=\"payrollServices\" data-widget_type=\"text-editor.default\">\n\t\t\t\t<div class=\"elementor-widget-container\">\n\t\t\t\t\t<div class=\"elementor-text-editor elementor-clearfix\"><h2>The services in detail<\/h2><ul><li>Payroll<\/li><li>Wage-tax notification<\/li><li>Statement of contributions paid for health insurance (also social insurance accounting)<\/li><li>Cost center \/ unit assignment<\/li><li>Preparation of payment as data carrier, bank transfer or cheque to employees, capital forming payments, health insurance, local tax office<\/li><li class=\" translation-block\">Payroll journals, accounting vouchers and files<\/li><li>Processing of garnishments<\/li><li>Processing of correspondence<\/li><li><\/li><\/ul><\/div>\n\t\t\t\t<\/div>\n\t\t\t\t<\/div>\n\t\t\t\t\t<\/div>\n\t\t<\/div>\n\t\t\t\t\t\t\t<\/div>\n\t\t<\/section>\n\t\t\t\t\t\t<\/div>\n\t\t\t\t\t<\/div>","protected":false},"excerpt":{"rendered":"<p>Lohn &#038; Gehalt Full Service f\u00fcr Ihren Einstieg Wir \u00fcbernehmen f\u00fcr Sie die erstmalige Erfassung der Firmen- und Arbeitnehmer-Stammdaten. Sie erfassen auf einem von uns bereitgestelltem Erfassungsprogramm die monatlichen Bewegungsdaten und \u00fcbergeben uns die Daten per: Datentr\u00e4ger Web &#8211; Portal Leistungen im Detail laufende Lohn- und Gehaltsabrechnungen Lohnsteueranmeldung Kurzarbeiterabrechnung f\u00fcr Arbeitsamt Beitragsnachweise f\u00fcr Krankenkassen, Beitragsabrechnung [&hellip;]<\/p>","protected":false},"author":2,"featured_media":0,"parent":0,"menu_order":0,"comment_status":"closed","ping_status":"closed","template":"","meta":[],"_links":{"self":[{"href":"https:\/\/www.geda.com\/en\/wp-json\/wp\/v2\/pages\/55"}],"collection":[{"href":"https:\/\/www.geda.com\/en\/wp-json\/wp\/v2\/pages"}],"about":[{"href":"https:\/\/www.geda.com\/en\/wp-json\/wp\/v2\/types\/page"}],"author":[{"embeddable":true,"href":"https:\/\/www.geda.com\/en\/wp-json\/wp\/v2\/users\/2"}],"replies":[{"embeddable":true,"href":"https:\/\/www.geda.com\/en\/wp-json\/wp\/v2\/comments?post=55"}],"version-history":[{"count":0,"href":"https:\/\/www.geda.com\/en\/wp-json\/wp\/v2\/pages\/55\/revisions"}],"wp:attachment":[{"href":"https:\/\/www.geda.com\/en\/wp-json\/wp\/v2\/media?parent=55"}],"curies":[{"name":"wp","href":"https:\/\/api.w.org\/{rel}","templated":true}]}}