{"id":57,"date":"2021-04-13T13:38:31","date_gmt":"2021-04-13T19:38:31","guid":{"rendered":"http:\/\/geda.wpengine.com\/?page_id=57"},"modified":"2021-08-12T09:58:41","modified_gmt":"2021-08-12T15:58:41","slug":"financial-services","status":"publish","type":"page","link":"https:\/\/www.geda.com\/en\/financial-services\/","title":{"rendered":"Financial Services"},"content":{"rendered":"<div data-elementor-type=\"wp-page\" data-elementor-id=\"57\" class=\"elementor elementor-57\" data-elementor-settings=\"[]\">\n\t\t\t\t\t\t\t<div class=\"elementor-section-wrap\">\n\t\t\t\t\t\t\t<section class=\"elementor-section elementor-top-section elementor-element elementor-element-844d78 elementor-section-full_width elementor-section-height-default elementor-section-height-default\" data-id=\"844d78\" data-element_type=\"section\" data-settings=\"{&quot;background_background&quot;:&quot;classic&quot;}\">\n\t\t\t\t\t\t<div class=\"elementor-container elementor-column-gap-no\">\n\t\t\t\t\t<div class=\"elementor-column elementor-col-100 elementor-top-column elementor-element elementor-element-5a523294\" data-id=\"5a523294\" data-element_type=\"column\" data-settings=\"{&quot;background_background&quot;:&quot;classic&quot;}\">\n\t\t\t<div class=\"elementor-widget-wrap elementor-element-populated\">\n\t\t\t\t\t\t\t\t<section class=\"elementor-section elementor-inner-section elementor-element elementor-element-33e74e73 elementor-section-boxed elementor-section-height-default elementor-section-height-default\" data-id=\"33e74e73\" data-element_type=\"section\">\n\t\t\t\t\t\t<div class=\"elementor-container elementor-column-gap-default\">\n\t\t\t\t\t<div class=\"elementor-column elementor-col-50 elementor-inner-column elementor-element elementor-element-6c29c63c\" data-id=\"6c29c63c\" data-element_type=\"column\" data-settings=\"{&quot;background_background&quot;:&quot;classic&quot;}\">\n\t\t\t<div class=\"elementor-widget-wrap elementor-element-populated\">\n\t\t\t\t\t\t\t\t<div class=\"elementor-element elementor-element-7e73c446 elementor-widget elementor-widget-heading\" data-id=\"7e73c446\" data-element_type=\"widget\" data-widget_type=\"heading.default\">\n\t\t\t\t<div class=\"elementor-widget-container\">\n\t\t\t<h1 class=\"elementor-heading-title elementor-size-default\">Financial Services\u200b<\/h1>\t\t<\/div>\n\t\t\t\t<\/div>\n\t\t\t\t\t<\/div>\n\t\t<\/div>\n\t\t\t\t<div class=\"elementor-column elementor-col-50 elementor-inner-column elementor-element elementor-element-416430a0\" data-id=\"416430a0\" data-element_type=\"column\" data-settings=\"{&quot;background_background&quot;:&quot;classic&quot;}\">\n\t\t\t<div class=\"elementor-widget-wrap elementor-element-populated\">\n\t\t\t\t\t\t\t\t<div class=\"elementor-element elementor-element-4193dd6c elementor-widget elementor-widget-image\" data-id=\"4193dd6c\" data-element_type=\"widget\" data-widget_type=\"image.default\">\n\t\t\t\t<div class=\"elementor-widget-container\">\n\t\t\t\t\t<div class=\"elementor-image\">\n\t\t\t\t\t\t\t\t\t\t<img decoding=\"async\" src=\"https:\/\/www.geda.com\/wp-content\/uploads\/2021\/05\/geda-financial-services.jpg\" title=\"geda-financial-services\" alt=\"geda-financial-services\" \/>\t\t\t\t\t\t\t\t\t\t\t<\/div>\n\t\t\t\t<\/div>\n\t\t\t\t<\/div>\n\t\t\t\t\t<\/div>\n\t\t<\/div>\n\t\t\t\t\t\t\t<\/div>\n\t\t<\/section>\n\t\t\t\t\t<\/div>\n\t\t<\/div>\n\t\t\t\t\t\t\t<\/div>\n\t\t<\/section>\n\t\t\t\t<section class=\"elementor-section elementor-top-section elementor-element elementor-element-ce9eea2 elementor-section-boxed elementor-section-height-default elementor-section-height-default\" data-id=\"ce9eea2\" data-element_type=\"section\">\n\t\t\t\t\t\t<div class=\"elementor-container elementor-column-gap-default\">\n\t\t\t\t\t<div class=\"elementor-column elementor-col-100 elementor-top-column elementor-element elementor-element-55754a3\" data-id=\"55754a3\" data-element_type=\"column\">\n\t\t\t<div class=\"elementor-widget-wrap elementor-element-populated\">\n\t\t\t\t\t\t\t\t<div class=\"elementor-element elementor-element-18a9c74 elementor-widget elementor-widget-text-editor\" data-id=\"18a9c74\" data-element_type=\"widget\" data-widget_type=\"text-editor.default\">\n\t\t\t\t<div class=\"elementor-widget-container\">\n\t\t\t\t\t<div class=\"elementor-text-editor elementor-clearfix\"><div id=\"contentarea1\"><p>Booking of day-to-day transactions in accordance with \u00a7 6 (4) StberG (German tax advisory law) and also accounting in accordance with IAS and US-GAAP<\/p><h2>The start<\/h2><p>Agreement on the scope of services and the way of voucher and data transfer<\/p><h2>The services in detail<\/h2><ul><li>Booking of day-to-day transactions<\/li><li>Business analyses<\/li><li>Entering \/ adoption of quantity data and preparation for invoicing<\/li><li>Accounts receivable management \/ dunning<\/li><li>Cost calculation (planned \/ actual)<\/li><li>Budgeting<\/li><li>Capital accounting<\/li><li>Cash flow calculation<\/li><\/ul><\/div><\/div>\n\t\t\t\t<\/div>\n\t\t\t\t<\/div>\n\t\t\t\t\t<\/div>\n\t\t<\/div>\n\t\t\t\t\t\t\t<\/div>\n\t\t<\/section>\n\t\t\t\t\t\t<\/div>\n\t\t\t\t\t<\/div>","protected":false},"excerpt":{"rendered":"<p>Financial Services\u200b Buchung lfd. Gesch\u00e4ftsvorf\u00e4lle gem. \u00a7 6(4)StberG auch Abrechnung nach IAS und US-GAAP Der Start Abstimmung \u00fcber Leistungsumfang und Art der Beleg- und Daten\u00fcbermittlung Leistungen im Detail Buchen der lfd. Gesch\u00e4ftsvorf\u00e4lle Betriebswirtschaftliche Auswertung Erfassen \/ \u00dcbernehmen von Mengendaten und Aufbereitung zur Fakturierung Forderungsmanagement \/ Mahnwesen Plan &#8211; Ist &#8211; Kostenrechnung Liquidit\u00e4tsrechnung EDV &#8211; Roh- [&hellip;]<\/p>","protected":false},"author":2,"featured_media":0,"parent":0,"menu_order":0,"comment_status":"closed","ping_status":"closed","template":"","meta":[],"_links":{"self":[{"href":"https:\/\/www.geda.com\/en\/wp-json\/wp\/v2\/pages\/57"}],"collection":[{"href":"https:\/\/www.geda.com\/en\/wp-json\/wp\/v2\/pages"}],"about":[{"href":"https:\/\/www.geda.com\/en\/wp-json\/wp\/v2\/types\/page"}],"author":[{"embeddable":true,"href":"https:\/\/www.geda.com\/en\/wp-json\/wp\/v2\/users\/2"}],"replies":[{"embeddable":true,"href":"https:\/\/www.geda.com\/en\/wp-json\/wp\/v2\/comments?post=57"}],"version-history":[{"count":0,"href":"https:\/\/www.geda.com\/en\/wp-json\/wp\/v2\/pages\/57\/revisions"}],"wp:attachment":[{"href":"https:\/\/www.geda.com\/en\/wp-json\/wp\/v2\/media?parent=57"}],"curies":[{"name":"wp","href":"https:\/\/api.w.org\/{rel}","templated":true}]}}