{"id":67,"date":"2021-04-13T16:08:55","date_gmt":"2021-04-13T22:08:55","guid":{"rendered":"http:\/\/geda.wpengine.com\/?page_id=67"},"modified":"2021-08-12T11:25:17","modified_gmt":"2021-08-12T17:25:17","slug":"geschichte","status":"publish","type":"page","link":"https:\/\/www.geda.com\/en\/geschichte\/","title":{"rendered":"History"},"content":{"rendered":"<div data-elementor-type=\"wp-page\" data-elementor-id=\"67\" class=\"elementor elementor-67\" data-elementor-settings=\"[]\">\n\t\t\t\t\t\t\t<div class=\"elementor-section-wrap\">\n\t\t\t\t\t\t\t<section class=\"elementor-section elementor-top-section elementor-element elementor-element-35988c3d elementor-section-full_width elementor-section-height-default elementor-section-height-default\" data-id=\"35988c3d\" data-element_type=\"section\" data-settings=\"{&quot;background_background&quot;:&quot;classic&quot;}\">\n\t\t\t\t\t\t<div class=\"elementor-container elementor-column-gap-no\">\n\t\t\t\t\t<div class=\"elementor-column elementor-col-100 elementor-top-column elementor-element elementor-element-450b350d\" data-id=\"450b350d\" data-element_type=\"column\" data-settings=\"{&quot;background_background&quot;:&quot;classic&quot;}\">\n\t\t\t<div class=\"elementor-widget-wrap elementor-element-populated\">\n\t\t\t\t\t\t\t\t<section class=\"elementor-section elementor-inner-section elementor-element elementor-element-1ad506af elementor-section-boxed elementor-section-height-default elementor-section-height-default\" data-id=\"1ad506af\" data-element_type=\"section\">\n\t\t\t\t\t\t<div class=\"elementor-container elementor-column-gap-default\">\n\t\t\t\t\t<div class=\"elementor-column elementor-col-50 elementor-inner-column elementor-element elementor-element-684713c9\" data-id=\"684713c9\" data-element_type=\"column\" data-settings=\"{&quot;background_background&quot;:&quot;classic&quot;}\">\n\t\t\t<div class=\"elementor-widget-wrap elementor-element-populated\">\n\t\t\t\t\t\t\t\t<div class=\"elementor-element elementor-element-404427b3 elementor-widget elementor-widget-heading\" data-id=\"404427b3\" data-element_type=\"widget\" data-widget_type=\"heading.default\">\n\t\t\t\t<div class=\"elementor-widget-container\">\n\t\t\t<h1 class=\"elementor-heading-title elementor-size-default\">History<\/h1>\t\t<\/div>\n\t\t\t\t<\/div>\n\t\t\t\t\t<\/div>\n\t\t<\/div>\n\t\t\t\t<div class=\"elementor-column elementor-col-50 elementor-inner-column elementor-element elementor-element-7fce94b6\" data-id=\"7fce94b6\" data-element_type=\"column\" data-settings=\"{&quot;background_background&quot;:&quot;classic&quot;}\">\n\t\t\t<div class=\"elementor-widget-wrap elementor-element-populated\">\n\t\t\t\t\t\t\t\t<div class=\"elementor-element elementor-element-1b4a7fe4 elementor-widget elementor-widget-image\" data-id=\"1b4a7fe4\" data-element_type=\"widget\" data-widget_type=\"image.default\">\n\t\t\t\t<div class=\"elementor-widget-container\">\n\t\t\t\t\t<div class=\"elementor-image\">\n\t\t\t\t\t\t\t\t\t\t<img decoding=\"async\" src=\"https:\/\/www.geda.com\/wp-content\/uploads\/2021\/05\/geda-history.jpg\" title=\"geda-history\" alt=\"geda-history\" \/>\t\t\t\t\t\t\t\t\t\t\t<\/div>\n\t\t\t\t<\/div>\n\t\t\t\t<\/div>\n\t\t\t\t\t<\/div>\n\t\t<\/div>\n\t\t\t\t\t\t\t<\/div>\n\t\t<\/section>\n\t\t\t\t\t<\/div>\n\t\t<\/div>\n\t\t\t\t\t\t\t<\/div>\n\t\t<\/section>\n\t\t\t\t<section class=\"elementor-section elementor-top-section elementor-element elementor-element-ce9eea2 elementor-section-boxed elementor-section-height-default elementor-section-height-default\" data-id=\"ce9eea2\" data-element_type=\"section\">\n\t\t\t\t\t\t<div class=\"elementor-container elementor-column-gap-default\">\n\t\t\t\t\t<div class=\"elementor-column elementor-col-100 elementor-top-column elementor-element elementor-element-55754a3\" data-id=\"55754a3\" data-element_type=\"column\">\n\t\t\t<div class=\"elementor-widget-wrap elementor-element-populated\">\n\t\t\t\t\t\t\t\t<div class=\"elementor-element elementor-element-18a9c74 elementor-widget elementor-widget-text-editor\" data-id=\"18a9c74\" data-element_type=\"widget\" data-widget_type=\"text-editor.default\">\n\t\t\t\t<div class=\"elementor-widget-container\">\n\t\t\t\t\t<div class=\"elementor-text-editor elementor-clearfix\"><div id=\"contentarea1\"><p>In 1992, GEDA - Gesellschaft f\u00fcr Datenverwaltung mbH (company for data administration) was founded with the objective to provide an expert service for the commercial area. The core areas are:<\/p><ul><li>Financial accounting, cost accounting, controlling\u00a0<\/li><li>Payroll accounting \/ human resource administration<\/li><\/ul><p class=\" translation-block\">GEDA addresses all businesses with its products and services - large enterprises, medium-sized businesses and crafts enterprises - who have to decide on extending their resources in the mentioned fields or to reorganize them.<\/p><p>Basis of the work is the professional customer liaison and support to be able to fulfil the most complex requirements at any time and to guarantee a maximum level of security in this sensitive area.<\/p><\/div><\/div>\n\t\t\t\t<\/div>\n\t\t\t\t<\/div>\n\t\t\t\t\t<\/div>\n\t\t<\/div>\n\t\t\t\t\t\t\t<\/div>\n\t\t<\/section>\n\t\t\t\t\t\t<\/div>\n\t\t\t\t\t<\/div>","protected":false},"excerpt":{"rendered":"<p>Geschichte\u200b Im Jahre 1992 wurde die GEDA &#8211; Gesellschaft f\u00fcr Datenverwaltung mbH in Bitterfeld mit dem Ziel gegr\u00fcndet, einen kompetenten Service f\u00fcr den kaufm\u00e4nnischen Bereich zu bieten. Die Kernbereiche sind dabei: Buchf\u00fchrung, Kostenrechnung, Controlling\u00a0 Personalabrechnung \/Personaladministration GEDA wendet sich mit seinem Produkt- und Dienstleistungsspektrum an alle Unternehmen. An Gro\u00dfunternehmen, Mittelstand, aber auch an Handwerksbetriebe, welche [&hellip;]<\/p>","protected":false},"author":2,"featured_media":0,"parent":0,"menu_order":0,"comment_status":"closed","ping_status":"closed","template":"","meta":[],"_links":{"self":[{"href":"https:\/\/www.geda.com\/en\/wp-json\/wp\/v2\/pages\/67"}],"collection":[{"href":"https:\/\/www.geda.com\/en\/wp-json\/wp\/v2\/pages"}],"about":[{"href":"https:\/\/www.geda.com\/en\/wp-json\/wp\/v2\/types\/page"}],"author":[{"embeddable":true,"href":"https:\/\/www.geda.com\/en\/wp-json\/wp\/v2\/users\/2"}],"replies":[{"embeddable":true,"href":"https:\/\/www.geda.com\/en\/wp-json\/wp\/v2\/comments?post=67"}],"version-history":[{"count":0,"href":"https:\/\/www.geda.com\/en\/wp-json\/wp\/v2\/pages\/67\/revisions"}],"wp:attachment":[{"href":"https:\/\/www.geda.com\/en\/wp-json\/wp\/v2\/media?parent=67"}],"curies":[{"name":"wp","href":"https:\/\/api.w.org\/{rel}","templated":true}]}}