{"id":76,"date":"2021-04-19T10:20:38","date_gmt":"2021-04-19T16:20:38","guid":{"rendered":"http:\/\/geda.wpengine.com\/?page_id=76"},"modified":"2021-04-19T12:40:22","modified_gmt":"2021-04-19T18:40:22","slug":"impressum","status":"publish","type":"page","link":"https:\/\/www.geda.com\/en\/impressum\/","title":{"rendered":"Legal notice"},"content":{"rendered":"<div data-elementor-type=\"wp-page\" data-elementor-id=\"76\" class=\"elementor elementor-76\" data-elementor-settings=\"[]\">\n\t\t\t\t\t\t\t<div class=\"elementor-section-wrap\">\n\t\t\t\t\t\t\t<section class=\"elementor-section elementor-top-section elementor-element elementor-element-58ee48db elementor-section-full_width elementor-section-height-default elementor-section-height-default\" data-id=\"58ee48db\" data-element_type=\"section\" data-settings=\"{&quot;background_background&quot;:&quot;classic&quot;}\">\n\t\t\t\t\t\t<div class=\"elementor-container elementor-column-gap-no\">\n\t\t\t\t\t<div class=\"elementor-column elementor-col-100 elementor-top-column elementor-element elementor-element-4e8e4231\" data-id=\"4e8e4231\" data-element_type=\"column\" data-settings=\"{&quot;background_background&quot;:&quot;classic&quot;}\">\n\t\t\t<div class=\"elementor-widget-wrap elementor-element-populated\">\n\t\t\t\t\t\t\t\t<section class=\"elementor-section elementor-inner-section elementor-element elementor-element-36d045ab elementor-section-boxed elementor-section-height-default elementor-section-height-default\" data-id=\"36d045ab\" data-element_type=\"section\">\n\t\t\t\t\t\t<div class=\"elementor-container elementor-column-gap-default\">\n\t\t\t\t\t<div class=\"elementor-column elementor-col-50 elementor-inner-column elementor-element elementor-element-2e8afb2a\" data-id=\"2e8afb2a\" data-element_type=\"column\" data-settings=\"{&quot;background_background&quot;:&quot;classic&quot;}\">\n\t\t\t<div class=\"elementor-widget-wrap elementor-element-populated\">\n\t\t\t\t\t\t\t\t<div class=\"elementor-element elementor-element-1be154f1 elementor-widget elementor-widget-heading\" data-id=\"1be154f1\" data-element_type=\"widget\" data-widget_type=\"heading.default\">\n\t\t\t\t<div class=\"elementor-widget-container\">\n\t\t\t<h1 class=\"elementor-heading-title elementor-size-default\">Legal notice<\/h1>\t\t<\/div>\n\t\t\t\t<\/div>\n\t\t\t\t\t<\/div>\n\t\t<\/div>\n\t\t\t\t<div class=\"elementor-column elementor-col-50 elementor-inner-column elementor-element elementor-element-56e770e0\" data-id=\"56e770e0\" data-element_type=\"column\" data-settings=\"{&quot;background_background&quot;:&quot;classic&quot;}\">\n\t\t\t<div class=\"elementor-widget-wrap elementor-element-populated\">\n\t\t\t\t\t\t\t\t<div class=\"elementor-element elementor-element-30b4a53c elementor-widget elementor-widget-image\" data-id=\"30b4a53c\" data-element_type=\"widget\" data-widget_type=\"image.default\">\n\t\t\t\t<div class=\"elementor-widget-container\">\n\t\t\t\t\t<div class=\"elementor-image\">\n\t\t\t\t\t\t\t\t\t\t<img decoding=\"async\" src=\"https:\/\/www.geda.com\/wp-content\/uploads\/2021\/04\/safeguard-global-reach.png\" title=\"safeguard-global-reach\" alt=\"safeguard-global-reach\" \/>\t\t\t\t\t\t\t\t\t\t\t<\/div>\n\t\t\t\t<\/div>\n\t\t\t\t<\/div>\n\t\t\t\t\t<\/div>\n\t\t<\/div>\n\t\t\t\t\t\t\t<\/div>\n\t\t<\/section>\n\t\t\t\t\t<\/div>\n\t\t<\/div>\n\t\t\t\t\t\t\t<\/div>\n\t\t<\/section>\n\t\t\t\t<section class=\"elementor-section elementor-top-section elementor-element elementor-element-ce9eea2 elementor-section-boxed elementor-section-height-default elementor-section-height-default\" data-id=\"ce9eea2\" data-element_type=\"section\">\n\t\t\t\t\t\t<div class=\"elementor-container elementor-column-gap-default\">\n\t\t\t\t\t<div class=\"elementor-column elementor-col-100 elementor-top-column elementor-element elementor-element-55754a3\" data-id=\"55754a3\" data-element_type=\"column\">\n\t\t\t<div class=\"elementor-widget-wrap elementor-element-populated\">\n\t\t\t\t\t\t\t\t<div class=\"elementor-element elementor-element-18a9c74 elementor-widget elementor-widget-text-editor\" data-id=\"18a9c74\" data-element_type=\"widget\" data-widget_type=\"text-editor.default\">\n\t\t\t\t<div class=\"elementor-widget-container\">\n\t\t\t\t\t<div class=\"elementor-text-editor elementor-clearfix\"><div id=\"contentarea1\"><div id=\"contentarea1\"><h2>Editor \/ Provider:<\/h2><p>GEDA mbH<br \/>Gesellschaft f\u00fcr Datenverwaltung<\/p><p>Griesheimstra\u00dfe 15<br \/>06749 Bitterfeld-Wolfen<\/p><p>Postfach 1313<br \/>06733 Bitterfeld-Wolfen OT Bitterfeld<\/p><\/div><p>Phone: +49 3493 9295600<br \/>eMail: <a href=\"mailto:GEDA-Bitterfeld@GEDA.COM\">GEDA-Bitterfeld@GEDA.COM<\/a><\/p><p>Authorised representative: Dr. Roland W\u00f6tzel<br \/>Trade register: local court Stendal HRB 12584<br \/>Value added tax identification number: DE 152 803 381<\/p><h2 id=\"contentarea1\">Notice of liability<\/h2><div>We do not guarantee for content on other webpages which are linked on our pages.<\/div><div><\/div><\/div><div>\u00a0<\/div><h2>Disclaimer<\/h2><div class=\" translation-block\">The information presented on our pages were composed in all conscience. For all that GEDA is not liable for the data presented on the website. According to this GEDA is not liable for damages which occure on downloading data from this page. GEDA is allowed to change, add or delete information on their pages at any time and without annunciation.<\/div><div>\u00a0<\/div><h2>No warning letter without previous contact<\/h2><div>If the content or the making of this pages violate the rights of 3rd party members or legal requirements, we are asking for a message without invoice. We guarantee that rightly assigned passages are removed promptly, without the use of legal assistance.\nWe refuse any kind of costs for legal assistance without previous contact.<\/div><div class=\" translation-block\"><\/div><\/div>\n\t\t\t\t<\/div>\n\t\t\t\t<\/div>\n\t\t\t\t\t<\/div>\n\t\t<\/div>\n\t\t\t\t\t\t\t<\/div>\n\t\t<\/section>\n\t\t\t\t\t\t<\/div>\n\t\t\t\t\t<\/div>","protected":false},"excerpt":{"rendered":"<p>Impressum Herausgeber \/ Anbieter: GEDA mbHGesellschaft f\u00fcr Datenverwaltung Griesheimstr. 1506749 Bitterfeld-Wolfen Postfach 131306733 Bitterfeld-Wolfen OT Bitterfeld Tel: 03493-9295600eMail: GEDA-Bitterfeld@GEDA.COM Vertretungsberechtigter: Dr. Roland W\u00f6tzelHandelsregister: Amtsgericht Stendal HRB 12584Umsatzsteueridentifikationsnummer: DE 152 803 381 Haftungshinweis Trotz sorgf\u00e4ltiger inhaltlicher Kontrolle \u00fcbernehmen wir keine Haftung f\u00fcr die Inhalte externer Links.F\u00fcr den Inhalt der verlinkten Seiten sind ausschlie\u00dflich deren Betreiber verantwortlich.\u00a0 [&hellip;]<\/p>","protected":false},"author":2,"featured_media":0,"parent":0,"menu_order":0,"comment_status":"closed","ping_status":"closed","template":"","meta":[],"_links":{"self":[{"href":"https:\/\/www.geda.com\/en\/wp-json\/wp\/v2\/pages\/76"}],"collection":[{"href":"https:\/\/www.geda.com\/en\/wp-json\/wp\/v2\/pages"}],"about":[{"href":"https:\/\/www.geda.com\/en\/wp-json\/wp\/v2\/types\/page"}],"author":[{"embeddable":true,"href":"https:\/\/www.geda.com\/en\/wp-json\/wp\/v2\/users\/2"}],"replies":[{"embeddable":true,"href":"https:\/\/www.geda.com\/en\/wp-json\/wp\/v2\/comments?post=76"}],"version-history":[{"count":0,"href":"https:\/\/www.geda.com\/en\/wp-json\/wp\/v2\/pages\/76\/revisions"}],"wp:attachment":[{"href":"https:\/\/www.geda.com\/en\/wp-json\/wp\/v2\/media?parent=76"}],"curies":[{"name":"wp","href":"https:\/\/api.w.org\/{rel}","templated":true}]}}